{"id":1285,"date":"2024-07-22T13:22:18","date_gmt":"2024-07-22T12:22:18","guid":{"rendered":"https:\/\/www.pantabox.de\/?page_id=1285"},"modified":"2024-10-25T13:31:37","modified_gmt":"2024-10-25T12:31:37","slug":"pantabox-adapter-denmark","status":"publish","type":"page","link":"https:\/\/www.pantabox.de\/en\/adapter-daenemark\/","title":{"rendered":"PANTABOX Adapter Denmark"},"content":{"rendered":"<div data-elementor-type=\"wp-page\" data-elementor-id=\"1285\" class=\"elementor elementor-1285\" data-elementor-post-type=\"page\">\n\t\t\t\t\t\t<section class=\"elementor-section elementor-top-section elementor-element elementor-element-8hoif3m elementor-section-full_width elementor-section-content-bottom elementor-section-height-default elementor-section-height-default\" data-id=\"8hoif3m\" data-element_type=\"section\" data-e-type=\"section\" data-settings=\"{&quot;background_background&quot;:&quot;classic&quot;}\">\n\t\t\t\t\t\t<div class=\"elementor-container elementor-column-gap-no\">\n\t\t\t\t\t<div class=\"elementor-column elementor-col-50 elementor-top-column elementor-element elementor-element-ecb87e6\" data-id=\"ecb87e6\" data-element_type=\"column\" data-e-type=\"column\">\n\t\t\t<div class=\"elementor-widget-wrap elementor-element-populated\">\n\t\t\t\t\t\t<section class=\"elementor-section elementor-inner-section elementor-element elementor-element-35f5cd8 elementor-reverse-tablet elementor-reverse-mobile elementor-section-boxed elementor-section-height-default elementor-section-height-default\" data-id=\"35f5cd8\" data-element_type=\"section\" data-e-type=\"section\">\n\t\t\t\t\t\t<div class=\"elementor-container elementor-column-gap-default\">\n\t\t\t\t\t<div class=\"elementor-column elementor-col-100 elementor-inner-column elementor-element elementor-element-8dc1358\" data-id=\"8dc1358\" data-element_type=\"column\" data-e-type=\"column\">\n\t\t\t<div class=\"elementor-widget-wrap elementor-element-populated\">\n\t\t\t\t\t\t<div class=\"elementor-element elementor-element-900c689 elementor-widget elementor-widget-heading\" data-id=\"900c689\" data-element_type=\"widget\" data-e-type=\"widget\" data-widget_type=\"heading.default\">\n\t\t\t\t<div class=\"elementor-widget-container\">\n\t\t\t\t\t<h1 class=\"elementor-heading-title elementor-size-default\">PANTABOX Adapter Denmark<\/h1>\t\t\t\t<\/div>\n\t\t\t\t<\/div>\n\t\t\t\t<div class=\"elementor-element elementor-element-c9f01fa elementor-widget elementor-widget-text-editor\" data-id=\"c9f01fa\" data-element_type=\"widget\" data-e-type=\"widget\" data-widget_type=\"text-editor.default\">\n\t\t\t\t<div class=\"elementor-widget-container\">\n\t\t\t\t\t\t\t\t\t<ul><li>Charges your electric car in conjunction with the PANTABOX handset<\/li><li>Lightweight: Only 0.5 kg<\/li><li>Long: 1.6 m<\/li><li>Safe: Temperature monitoring - if the socket becomes too hot, the PANTABOX reduces the charging current<\/li><li>Voltage: 230 V<\/li><li>Current: 6 A<\/li><li>Plug type K<\/li><\/ul>\t\t\t\t\t\t\t\t<\/div>\n\t\t\t\t<\/div>\n\t\t\t\t<div class=\"elementor-element elementor-element-045b56b elementor-widget elementor-widget-button\" data-id=\"045b56b\" data-element_type=\"widget\" data-e-type=\"widget\" data-widget_type=\"button.default\">\n\t\t\t\t<div class=\"elementor-widget-container\">\n\t\t\t\t\t\t\t\t\t<div class=\"elementor-button-wrapper\">\n\t\t\t\t\t<a class=\"elementor-button elementor-button-link elementor-size-sm\" href=\"https:\/\/www.pantabox.de\/en\/gewerbekunden\/\">\n\t\t\t\t\t\t<span class=\"elementor-button-content-wrapper\">\n\t\t\t\t\t\t\t\t\t<span class=\"elementor-button-text\">Commercial customers<\/span>\n\t\t\t\t\t<\/span>\n\t\t\t\t\t<\/a>\n\t\t\t\t<\/div>\n\t\t\t\t\t\t\t\t<\/div>\n\t\t\t\t<\/div>\n\t\t\t\t\t<\/div>\n\t\t<\/div>\n\t\t\t\t\t<\/div>\n\t\t<\/section>\n\t\t\t\t\t<\/div>\n\t\t<\/div>\n\t\t\t\t<div class=\"elementor-column elementor-col-50 elementor-top-column elementor-element elementor-element-2e2ff5c elementor-hidden-mobile\" data-id=\"2e2ff5c\" data-element_type=\"column\" data-e-type=\"column\" data-settings=\"{&quot;background_background&quot;:&quot;classic&quot;}\">\n\t\t\t<div class=\"elementor-widget-wrap\">\n\t\t\t\t\t<div class=\"elementor-background-overlay\"><\/div>\n\t\t\t\t\t\t\t<\/div>\n\t\t<\/div>\n\t\t\t\t\t<\/div>\n\t\t<\/section>\n\t\t<div class=\"elementor-element elementor-element-769684f e-flex e-con-boxed e-con e-parent\" data-id=\"769684f\" data-element_type=\"container\" data-e-type=\"container\">\n\t\t\t\t\t<div class=\"e-con-inner\">\n\t\t\t\t<div class=\"elementor-element elementor-element-3d43123 elementor-hidden-desktop elementor-hidden-tablet elementor-widget elementor-widget-image\" data-id=\"3d43123\" data-element_type=\"widget\" data-e-type=\"widget\" data-widget_type=\"image.default\">\n\t\t\t\t<div class=\"elementor-widget-container\">\n\t\t\t\t\t\t\t\t\t\t\t\t\t\t\t<img fetchpriority=\"high\" decoding=\"async\" width=\"1024\" height=\"1024\" src=\"https:\/\/www.pantabox.de\/wp-content\/uploads\/2024\/08\/Bild_PANTABOX_Adapter_Daenemark_V01_1920x1920-1-1024x1024.jpg\" class=\"attachment-large size-large wp-image-3148\" alt=\"\" srcset=\"https:\/\/www.pantabox.de\/wp-content\/uploads\/2024\/08\/Bild_PANTABOX_Adapter_Daenemark_V01_1920x1920-1-1024x1024.jpg 1024w, https:\/\/www.pantabox.de\/wp-content\/uploads\/2024\/08\/Bild_PANTABOX_Adapter_Daenemark_V01_1920x1920-1-300x300.jpg 300w, https:\/\/www.pantabox.de\/wp-content\/uploads\/2024\/08\/Bild_PANTABOX_Adapter_Daenemark_V01_1920x1920-1-150x150.jpg 150w, https:\/\/www.pantabox.de\/wp-content\/uploads\/2024\/08\/Bild_PANTABOX_Adapter_Daenemark_V01_1920x1920-1-768x768.jpg 768w, https:\/\/www.pantabox.de\/wp-content\/uploads\/2024\/08\/Bild_PANTABOX_Adapter_Daenemark_V01_1920x1920-1-1536x1536.jpg 1536w, https:\/\/www.pantabox.de\/wp-content\/uploads\/2024\/08\/Bild_PANTABOX_Adapter_Daenemark_V01_1920x1920-1-12x12.jpg 12w, https:\/\/www.pantabox.de\/wp-content\/uploads\/2024\/08\/Bild_PANTABOX_Adapter_Daenemark_V01_1920x1920-1.jpg 1920w\" sizes=\"(max-width: 1024px) 100vw, 1024px\" \/>\t\t\t\t\t\t\t\t\t\t\t\t\t\t\t<\/div>\n\t\t\t\t<\/div>\n\t\t\t\t<div class=\"elementor-element elementor-element-5c49558 elementor-widget elementor-widget-heading\" data-id=\"5c49558\" data-element_type=\"widget\" data-e-type=\"widget\" data-widget_type=\"heading.default\">\n\t\t\t\t<div class=\"elementor-widget-container\">\n\t\t\t\t\t<h2 class=\"elementor-heading-title elementor-size-default\">The plug for your trip to Denmark - type K, 6 A<\/h2>\t\t\t\t<\/div>\n\t\t\t\t<\/div>\n\t\t\t\t\t<\/div>\n\t\t\t\t<\/div>\n\t\t<div class=\"elementor-element elementor-element-16fd1af e-flex e-con-boxed e-con e-parent\" data-id=\"16fd1af\" data-element_type=\"container\" data-e-type=\"container\">\n\t\t\t\t\t<div class=\"e-con-inner\">\n\t\t\t\t<div class=\"elementor-element elementor-element-b8abafa elementor-widget elementor-widget-text-editor\" data-id=\"b8abafa\" data-element_type=\"widget\" data-e-type=\"widget\" data-widget_type=\"text-editor.default\">\n\t\t\t\t<div class=\"elementor-widget-container\">\n\t\t\t\t\t\t\t\t\t<p>Whether Fynen or Jutland, a type K adapter is required throughout Denmark when charging electric cars.<\/p>\t\t\t\t\t\t\t\t<\/div>\n\t\t\t\t<\/div>\n\t\t\t\t\t<\/div>\n\t\t\t\t<\/div>\n\t\t<div class=\"elementor-element elementor-element-59b318f e-flex e-con-boxed e-con e-parent\" data-id=\"59b318f\" data-element_type=\"container\" data-e-type=\"container\">\n\t\t\t\t\t<div class=\"e-con-inner\">\n\t\t\t\t<div class=\"elementor-element elementor-element-95714df elementor-widget elementor-widget-heading\" data-id=\"95714df\" data-element_type=\"widget\" data-e-type=\"widget\" data-widget_type=\"heading.default\">\n\t\t\t\t<div class=\"elementor-widget-container\">\n\t\t\t\t\t<h2 class=\"elementor-heading-title elementor-size-default\">Technical data<\/h2>\t\t\t\t<\/div>\n\t\t\t\t<\/div>\n\t\t\t\t\t<\/div>\n\t\t\t\t<\/div>\n\t\t<div class=\"elementor-element elementor-element-744580c e-flex e-con-boxed e-con e-parent\" data-id=\"744580c\" data-element_type=\"container\" data-e-type=\"container\">\n\t\t\t\t\t<div class=\"e-con-inner\">\n\t\t\t\t<div class=\"elementor-element elementor-element-1aaa46c elementor-widget elementor-widget-text-editor\" data-id=\"1aaa46c\" data-element_type=\"widget\" data-e-type=\"widget\" data-widget_type=\"text-editor.default\">\n\t\t\t\t<div class=\"elementor-widget-container\">\n\t\t\t\t\t\t\t\t\t<h4 class=\"product-details__product-headline sf-property\" data-v-286804ee=\"\">General data<\/h4><div class=\"product-details__product-property\" data-v-286804ee=\"\"><span class=\"sf-property__name\" data-v-286804ee=\"\"><strong>Plug:<\/strong>\u00a0<\/span>\u00a0<span class=\"sf-property__value\" data-v-286804ee=\"\">Type K<\/span><\/div><div class=\"product-details__product-property\" data-v-286804ee=\"\"><span class=\"sf-property__name\" data-v-286804ee=\"\"><strong>Temperature monitoring:<\/strong>\u00a0<\/span>\u00a0<span class=\"sf-property__value\" data-v-286804ee=\"\">Yes<\/span><\/div><div class=\"product-details__product-property\" data-v-286804ee=\"\"><span class=\"sf-property__name\" data-v-286804ee=\"\"><strong>Rated current:<\/strong>\u00a0<\/span>\u00a0<span class=\"sf-property__value\" data-v-286804ee=\"\">6 A<\/span><\/div><div class=\"product-details__product-property\" data-v-286804ee=\"\"><strong><span class=\"sf-property__name\" data-v-286804ee=\"\">Weight: <\/span>\u00a0<\/strong><span class=\"sf-property__value\" data-v-286804ee=\"\">~0.5 kg<\/span><\/div><div class=\"product-details__product-property\" data-v-286804ee=\"\"><span class=\"sf-property__name\" data-v-286804ee=\"\"><strong>Length:<\/strong>\u00a0<\/span>\u00a0<span class=\"sf-property__value\" data-v-286804ee=\"\">At least 1.6 m<\/span><\/div><div class=\"product-details__product-property\" data-v-286804ee=\"\"><span class=\"sf-property__name\" data-v-286804ee=\"\"><strong>Nominal voltage:<\/strong>\u00a0<\/span>\u00a0<span class=\"sf-property__value\" data-v-286804ee=\"\">230 V<\/span><\/div><div class=\"product-details__product-property\" data-v-286804ee=\"\"><span class=\"sf-property__name\" data-v-286804ee=\"\"><strong>Protection class:<\/strong>\u00a0<\/span>\u00a0<span class=\"sf-property__value\" data-v-286804ee=\"\">IP 20<\/span><\/div><div class=\"product-details__product-property\" data-v-286804ee=\"\"><span class=\"sf-property__name\" data-v-286804ee=\"\"><strong>Frequency:<\/strong>\u00a0<\/span>\u00a0<span class=\"sf-property__value\" data-v-286804ee=\"\">50 Hz<\/span><\/div>\t\t\t\t\t\t\t\t<\/div>\n\t\t\t\t<\/div>\n\t\t\t\t\t<\/div>\n\t\t\t\t<\/div>\n\t\t\t\t<\/div>","protected":false},"excerpt":{"rendered":"<p>PANTABOX Adapter D\u00e4nemark L\u00e4dt dein Elektroauto in Verbindung mit dem PANTABOX Mobilteil Leicht: nur 0,5 kg Lang: 1,6 m Sicher: [&hellip;]<\/p>\n","protected":false},"author":1,"featured_media":0,"parent":0,"menu_order":0,"comment_status":"closed","ping_status":"closed","template":"","meta":{"_seopress_robots_primary_cat":"","_seopress_titles_title":"In D\u00e4nemark das E-Auto laden","_seopress_titles_desc":"Mit der PANTABOX kannst du dein E-Auto \u00fcberall in D\u00e4nemark laden","_seopress_robots_index":"","site-sidebar-layout":"no-sidebar","site-content-layout":"","ast-site-content-layout":"full-width-container","site-content-style":"default","site-sidebar-style":"default","ast-global-header-display":"","ast-banner-title-visibility":"","ast-main-header-display":"","ast-hfb-above-header-display":"","ast-hfb-below-header-display":"","ast-hfb-mobile-header-display":"","site-post-title":"disabled","ast-breadcrumbs-content":"","ast-featured-img":"disabled","footer-sml-layout":"","ast-disable-related-posts":"","theme-transparent-header-meta":"","adv-header-id-meta":"","stick-header-meta":"","header-above-stick-meta":"","header-main-stick-meta":"","header-below-stick-meta":"","astra-migrate-meta-layouts":"default","ast-page-background-enabled":"default","ast-page-background-meta":{"desktop":{"background-color":"var(--ast-global-color-4)","background-image":"","background-repeat":"repeat","background-position":"center center","background-size":"auto","background-attachment":"scroll","background-type":"","background-media":"","overlay-type":"","overlay-color":"","overlay-opacity":"","overlay-gradient":""},"tablet":{"background-color":"","background-image":"","background-repeat":"repeat","background-position":"center center","background-size":"auto","background-attachment":"scroll","background-type":"","background-media":"","overlay-type":"","overlay-color":"","overlay-opacity":"","overlay-gradient":""},"mobile":{"background-color":"","background-image":"","background-repeat":"repeat","background-position":"center center","background-size":"auto","background-attachment":"scroll","background-type":"","background-media":"","overlay-type":"","overlay-color":"","overlay-opacity":"","overlay-gradient":""}},"ast-content-background-meta":{"desktop":{"background-color":"var(--ast-global-color-5)","background-image":"","background-repeat":"repeat","background-position":"center center","background-size":"auto","background-attachment":"scroll","background-type":"","background-media":"","overlay-type":"","overlay-color":"","overlay-opacity":"","overlay-gradient":""},"tablet":{"background-color":"var(--ast-global-color-5)","background-image":"","background-repeat":"repeat","background-position":"center center","background-size":"auto","background-attachment":"scroll","background-type":"","background-media":"","overlay-type":"","overlay-color":"","overlay-opacity":"","overlay-gradient":""},"mobile":{"background-color":"var(--ast-global-color-5)","background-image":"","background-repeat":"repeat","background-position":"center center","background-size":"auto","background-attachment":"scroll","background-type":"","background-media":"","overlay-type":"","overlay-color":"","overlay-opacity":"","overlay-gradient":""}},"footnotes":""},"class_list":["post-1285","page","type-page","status-publish","hentry"],"_links":{"self":[{"href":"https:\/\/www.pantabox.de\/en\/wp-json\/wp\/v2\/pages\/1285","targetHints":{"allow":["GET"]}}],"collection":[{"href":"https:\/\/www.pantabox.de\/en\/wp-json\/wp\/v2\/pages"}],"about":[{"href":"https:\/\/www.pantabox.de\/en\/wp-json\/wp\/v2\/types\/page"}],"author":[{"embeddable":true,"href":"https:\/\/www.pantabox.de\/en\/wp-json\/wp\/v2\/users\/1"}],"replies":[{"embeddable":true,"href":"https:\/\/www.pantabox.de\/en\/wp-json\/wp\/v2\/comments?post=1285"}],"version-history":[{"count":0,"href":"https:\/\/www.pantabox.de\/en\/wp-json\/wp\/v2\/pages\/1285\/revisions"}],"wp:attachment":[{"href":"https:\/\/www.pantabox.de\/en\/wp-json\/wp\/v2\/media?parent=1285"}],"curies":[{"name":"wp","href":"https:\/\/api.w.org\/{rel}","templated":true}]}}